{"id":107,"date":"2017-04-27T11:21:02","date_gmt":"2017-04-27T11:21:02","guid":{"rendered":"http:\/\/www.doggylandfamily.ro\/?page_id=107"},"modified":"2019-03-09T21:21:03","modified_gmt":"2019-03-09T21:21:03","slug":"despre-noi","status":"publish","type":"page","link":"https:\/\/www.doggylandfamily.ro\/index.php\/ro\/despre-noi\/","title":{"rendered":"Despre noi"},"content":{"rendered":"\n<p>Ad\u0103postul\nDoggyland este o casa temporar\u0103 pentru c\u00e2inii si pisicile care au nevoie de\nnoi. N\u0103scu\u021bi pe la tomberoane, loviti, prigoni\u021bi din cur\u021bi sau pur si simplu\nabandona\u021bi la usa ad\u0103postului, pui de c\u00e2teva zile \u00een cutii de carton, pui sau\nadul\u021bi loviti de masina sau oameni, batrani fara dinti in gura de care st\u0103p\u00e2nii\ns-au descotorosit sa moara pe str\u0103zi sau femele gestante care incomodeaza&#8230;ei\nprimesc la noi o \u0219ans\u0103 la ziua de maine. DoggyLand este un punct de plecare\nc\u0103tre vie\u021bi mai bune, c\u0103tre familii adoptive permanente, este un loc unde\nprimesc siguranta, incredere, m\u00e2ncare \u0219i \u00eengrijire medical\u0103 dar \u0219i r\u0103sf\u0103\u021b si\nno\u021biuni de baz\u0103 privind socializarea, mersul in les\u0103. Nu ii putem salva si\ng\u0103zdui pe toti, dar pe cei pe care ii prelu\u0103m, ii trat\u0103m cu dragoste si\nresponsabilitate pana atunci c\u00e2nd nu mai au nevoie de noi. Si atunci altii isi\ngasesc loc la Doggyland.. unul cate unul. <\/p>\n\n\n\n<p>\u00cen\nparalel cu activitatea ad\u0103postului, pentru a stopa fenomenul de abandon si a\nreduce num\u0103rul imens de animale de pe str\u0103zi, Asocia\u021bia noastr\u0103 organizeaz\u0103\nregulat si campanii gratuite de sterilizare pentru cainii si pisicile din\ncomunitate. <\/p>\n\n\n\n<p>Finan\u021barea\nad\u0103postului este strict de natur\u0103 privat\u0103, din dona\u021bii de la persoane fizice\nsau juridice care inteleg ca protec\u021bia animalelor inseamna o colaborare de\nforte avand acelasi scop comun, de a influenta in sens pozitiv prezentul si\nviitorul animalelor din Romania, prin educatie si fapte concrete. <\/p>\n\n\n\n<p>Suntem\nin Romania, Techirghiol si va multumim ca ne sunteti aproape. <\/p>\n\n\n\n<p>Alexandra Manolache, Pre\u0219edinte Asociatia Doggyland Family<\/p>\n\n\n\n<p><\/p>\n\n\n\n<p><\/p>\n\n\n\n<p>Asociatia\nDoggyLand Family <\/p>\n\n\n\n<p>CIF:\n36577965 <\/p>\n\n\n\n<p>Nr.inreg.\nRegistrul Asociatiilor si Fundatiilor poz.68\/12.09.2016 <\/p>\n\n\n\n<p>Cont\nRON: RO92RNCB0114152240700001 <\/p>\n\n\n\n<p>Cont\nEUR: RO65RNCB0114152240700002 SWIFT RNCBROBU <\/p>\n\n\n\n<p>Banca\nComerciala Romana <\/p>\n\n\n\n<p><strong>Poti ajuta cu doar 1 euro\/luna, aici: <\/strong><\/p>\n\n\n\n<p><a href=\"https:\/\/www.teaming.net\/doggylandromania\">https:\/\/www.teaming.net\/doggylandromania<\/a><\/p>\n\n\n\n<ul class=\"wp-block-gallery columns-3 is-cropped\"><li class=\"blocks-gallery-item\"><figure><img loading=\"lazy\" width=\"720\" height=\"960\" src=\"https:\/\/www.doggylandfamily.ro\/wp-content\/uploads\/2019\/03\/alx.jpg\" alt=\"\" data-id=\"764\" data-link=\"https:\/\/www.doggylandfamily.ro\/index.php\/despre-noi\/alx\/\" class=\"wp-image-764\" srcset=\"https:\/\/www.doggylandfamily.ro\/wp-content\/uploads\/2019\/03\/alx.jpg 720w, https:\/\/www.doggylandfamily.ro\/wp-content\/uploads\/2019\/03\/alx-225x300.jpg 225w\" sizes=\"(max-width: 720px) 100vw, 720px\" \/><\/figure><\/li><li class=\"blocks-gallery-item\"><figure><img loading=\"lazy\" width=\"528\" height=\"960\" src=\"https:\/\/www.doggylandfamily.ro\/wp-content\/uploads\/2019\/03\/castr.jpg\" alt=\"\" data-id=\"765\" data-link=\"https:\/\/www.doggylandfamily.ro\/index.php\/despre-noi\/castr\/\" class=\"wp-image-765\" srcset=\"https:\/\/www.doggylandfamily.ro\/wp-content\/uploads\/2019\/03\/castr.jpg 528w, https:\/\/www.doggylandfamily.ro\/wp-content\/uploads\/2019\/03\/castr-165x300.jpg 165w\" sizes=\"(max-width: 528px) 100vw, 528px\" \/><\/figure><\/li><li class=\"blocks-gallery-item\"><figure><img loading=\"lazy\" width=\"528\" height=\"960\" src=\"https:\/\/www.doggylandfamily.ro\/wp-content\/uploads\/2019\/03\/ore.jpg\" alt=\"\" data-id=\"766\" data-link=\"https:\/\/www.doggylandfamily.ro\/index.php\/despre-noi\/ore\/\" class=\"wp-image-766\" srcset=\"https:\/\/www.doggylandfamily.ro\/wp-content\/uploads\/2019\/03\/ore.jpg 528w, https:\/\/www.doggylandfamily.ro\/wp-content\/uploads\/2019\/03\/ore-165x300.jpg 165w\" sizes=\"(max-width: 528px) 100vw, 528px\" \/><\/figure><\/li><\/ul>\n","protected":false},"excerpt":{"rendered":"<p>Ad\u0103postul Doggyland este o casa temporar\u0103 pentru c\u00e2inii si pisicile care au nevoie de noi. N\u0103scu\u021bi pe la tomberoane, loviti, prigoni\u021bi din cur\u021bi sau pur si simplu abandona\u021bi la usa ad\u0103postului, pui de c\u00e2teva zile \u00een cutii de carton, pui sau adul\u021bi loviti de masina sau oameni, batrani fara dinti in gura de care st\u0103p\u00e2nii [&hellip;]<\/p>\n","protected":false},"author":2,"featured_media":0,"parent":0,"menu_order":0,"comment_status":"closed","ping_status":"closed","template":"","meta":{"_exactmetrics_skip_tracking":false,"_exactmetrics_sitenote_active":false,"_exactmetrics_sitenote_note":"","_exactmetrics_sitenote_category":0},"yoast_head":"<!-- This site is optimized with the Yoast SEO plugin v19.13 - https:\/\/yoast.com\/wordpress\/plugins\/seo\/ -->\n<title>Despre noi - DoggyLand Family<\/title>\n<meta name=\"robots\" content=\"index, follow, max-snippet:-1, max-image-preview:large, max-video-preview:-1\" \/>\n<link rel=\"canonical\" href=\"https:\/\/www.doggylandfamily.ro\/index.php\/ro\/despre-noi\/\" \/>\n<meta property=\"og:locale\" content=\"en_US\" \/>\n<meta property=\"og:type\" content=\"article\" \/>\n<meta property=\"og:title\" content=\"Despre noi - DoggyLand Family\" \/>\n<meta property=\"og:description\" content=\"Ad\u0103postul Doggyland este o casa temporar\u0103 pentru c\u00e2inii si pisicile care au nevoie de noi. N\u0103scu\u021bi pe la tomberoane, loviti, prigoni\u021bi din cur\u021bi sau pur si simplu abandona\u021bi la usa ad\u0103postului, pui de c\u00e2teva zile \u00een cutii de carton, pui sau adul\u021bi loviti de masina sau oameni, batrani fara dinti in gura de care st\u0103p\u00e2nii [&hellip;]\" \/>\n<meta property=\"og:url\" content=\"https:\/\/www.doggylandfamily.ro\/index.php\/ro\/despre-noi\/\" \/>\n<meta property=\"og:site_name\" content=\"DoggyLand Family\" \/>\n<meta property=\"article:publisher\" content=\"https:\/\/www.facebook.com\/doggylandfamily\/\" \/>\n<meta property=\"article:modified_time\" content=\"2019-03-09T21:21:03+00:00\" \/>\n<meta property=\"og:image\" content=\"https:\/\/www.doggylandfamily.ro\/wp-content\/uploads\/2019\/03\/alx.jpg\" \/>\n<meta name=\"twitter:card\" content=\"summary_large_image\" \/>\n<meta name=\"twitter:label1\" content=\"Est. reading time\" \/>\n\t<meta name=\"twitter:data1\" content=\"2 minutes\" \/>\n<script type=\"application\/ld+json\" class=\"yoast-schema-graph\">{\"@context\":\"https:\/\/schema.org\",\"@graph\":[{\"@type\":\"WebPage\",\"@id\":\"https:\/\/www.doggylandfamily.ro\/index.php\/ro\/despre-noi\/\",\"url\":\"https:\/\/www.doggylandfamily.ro\/index.php\/ro\/despre-noi\/\",\"name\":\"Despre noi - DoggyLand Family\",\"isPartOf\":{\"@id\":\"https:\/\/www.doggylandfamily.ro\/#website\"},\"datePublished\":\"2017-04-27T11:21:02+00:00\",\"dateModified\":\"2019-03-09T21:21:03+00:00\",\"breadcrumb\":{\"@id\":\"https:\/\/www.doggylandfamily.ro\/index.php\/ro\/despre-noi\/#breadcrumb\"},\"inLanguage\":\"en-US\",\"potentialAction\":[{\"@type\":\"ReadAction\",\"target\":[\"https:\/\/www.doggylandfamily.ro\/index.php\/ro\/despre-noi\/\"]}]},{\"@type\":\"BreadcrumbList\",\"@id\":\"https:\/\/www.doggylandfamily.ro\/index.php\/ro\/despre-noi\/#breadcrumb\",\"itemListElement\":[{\"@type\":\"ListItem\",\"position\":1,\"name\":\"Home\",\"item\":\"https:\/\/www.doggylandfamily.ro\/index.php\/en\/home\/\"},{\"@type\":\"ListItem\",\"position\":2,\"name\":\"Despre noi\"}]},{\"@type\":\"WebSite\",\"@id\":\"https:\/\/www.doggylandfamily.ro\/#website\",\"url\":\"https:\/\/www.doggylandfamily.ro\/\",\"name\":\"DoggyLand Family\",\"description\":\"Shelter is not Home\",\"potentialAction\":[{\"@type\":\"SearchAction\",\"target\":{\"@type\":\"EntryPoint\",\"urlTemplate\":\"https:\/\/www.doggylandfamily.ro\/?s={search_term_string}\"},\"query-input\":\"required name=search_term_string\"}],\"inLanguage\":\"en-US\"}]}<\/script>\n<!-- \/ Yoast SEO plugin. -->","yoast_head_json":{"title":"Despre noi - DoggyLand Family","robots":{"index":"index","follow":"follow","max-snippet":"max-snippet:-1","max-image-preview":"max-image-preview:large","max-video-preview":"max-video-preview:-1"},"canonical":"https:\/\/www.doggylandfamily.ro\/index.php\/ro\/despre-noi\/","og_locale":"en_US","og_type":"article","og_title":"Despre noi - DoggyLand Family","og_description":"Ad\u0103postul Doggyland este o casa temporar\u0103 pentru c\u00e2inii si pisicile care au nevoie de noi. N\u0103scu\u021bi pe la tomberoane, loviti, prigoni\u021bi din cur\u021bi sau pur si simplu abandona\u021bi la usa ad\u0103postului, pui de c\u00e2teva zile \u00een cutii de carton, pui sau adul\u021bi loviti de masina sau oameni, batrani fara dinti in gura de care st\u0103p\u00e2nii [&hellip;]","og_url":"https:\/\/www.doggylandfamily.ro\/index.php\/ro\/despre-noi\/","og_site_name":"DoggyLand Family","article_publisher":"https:\/\/www.facebook.com\/doggylandfamily\/","article_modified_time":"2019-03-09T21:21:03+00:00","og_image":[{"url":"https:\/\/www.doggylandfamily.ro\/wp-content\/uploads\/2019\/03\/alx.jpg"}],"twitter_card":"summary_large_image","twitter_misc":{"Est. reading time":"2 minutes"},"schema":{"@context":"https:\/\/schema.org","@graph":[{"@type":"WebPage","@id":"https:\/\/www.doggylandfamily.ro\/index.php\/ro\/despre-noi\/","url":"https:\/\/www.doggylandfamily.ro\/index.php\/ro\/despre-noi\/","name":"Despre noi - DoggyLand Family","isPartOf":{"@id":"https:\/\/www.doggylandfamily.ro\/#website"},"datePublished":"2017-04-27T11:21:02+00:00","dateModified":"2019-03-09T21:21:03+00:00","breadcrumb":{"@id":"https:\/\/www.doggylandfamily.ro\/index.php\/ro\/despre-noi\/#breadcrumb"},"inLanguage":"en-US","potentialAction":[{"@type":"ReadAction","target":["https:\/\/www.doggylandfamily.ro\/index.php\/ro\/despre-noi\/"]}]},{"@type":"BreadcrumbList","@id":"https:\/\/www.doggylandfamily.ro\/index.php\/ro\/despre-noi\/#breadcrumb","itemListElement":[{"@type":"ListItem","position":1,"name":"Home","item":"https:\/\/www.doggylandfamily.ro\/index.php\/en\/home\/"},{"@type":"ListItem","position":2,"name":"Despre noi"}]},{"@type":"WebSite","@id":"https:\/\/www.doggylandfamily.ro\/#website","url":"https:\/\/www.doggylandfamily.ro\/","name":"DoggyLand Family","description":"Shelter is not Home","potentialAction":[{"@type":"SearchAction","target":{"@type":"EntryPoint","urlTemplate":"https:\/\/www.doggylandfamily.ro\/?s={search_term_string}"},"query-input":"required name=search_term_string"}],"inLanguage":"en-US"}]}},"_links":{"self":[{"href":"https:\/\/www.doggylandfamily.ro\/index.php\/wp-json\/wp\/v2\/pages\/107"}],"collection":[{"href":"https:\/\/www.doggylandfamily.ro\/index.php\/wp-json\/wp\/v2\/pages"}],"about":[{"href":"https:\/\/www.doggylandfamily.ro\/index.php\/wp-json\/wp\/v2\/types\/page"}],"author":[{"embeddable":true,"href":"https:\/\/www.doggylandfamily.ro\/index.php\/wp-json\/wp\/v2\/users\/2"}],"replies":[{"embeddable":true,"href":"https:\/\/www.doggylandfamily.ro\/index.php\/wp-json\/wp\/v2\/comments?post=107"}],"version-history":[{"count":5,"href":"https:\/\/www.doggylandfamily.ro\/index.php\/wp-json\/wp\/v2\/pages\/107\/revisions"}],"predecessor-version":[{"id":775,"href":"https:\/\/www.doggylandfamily.ro\/index.php\/wp-json\/wp\/v2\/pages\/107\/revisions\/775"}],"wp:attachment":[{"href":"https:\/\/www.doggylandfamily.ro\/index.php\/wp-json\/wp\/v2\/media?parent=107"}],"curies":[{"name":"wp","href":"https:\/\/api.w.org\/{rel}","templated":true}]}}